{"id":933,"date":"2025-11-24T20:23:20","date_gmt":"2025-11-24T20:23:20","guid":{"rendered":"https:\/\/amitabhakozpont.hu\/?page_id=933"},"modified":"2026-02-24T14:32:29","modified_gmt":"2026-02-24T14:32:29","slug":"mantra-es-meditacio","status":"publish","type":"page","link":"https:\/\/amitabhakozpont.hu\/?page_id=933","title":{"rendered":"Mantra \u00e9s medit\u00e1ci\u00f3"},"content":{"rendered":"\t\t<div data-elementor-type=\"wp-page\" data-elementor-id=\"933\" class=\"elementor elementor-933\" data-elementor-post-type=\"page\">\n\t\t\t\t<div class=\"elementor-element elementor-element-95caa69 e-flex e-con-boxed e-con e-parent\" data-id=\"95caa69\" data-element_type=\"container\" data-e-type=\"container\" data-settings=\"{&quot;background_background&quot;:&quot;classic&quot;}\">\n\t\t\t\t\t<div class=\"e-con-inner\">\n\t\t\t\t<div class=\"elementor-element elementor-element-567e183 elementor-invisible elementor-widget elementor-widget-heading\" data-id=\"567e183\" data-element_type=\"widget\" data-e-type=\"widget\" data-settings=\"{&quot;_animation&quot;:&quot;fadeIn&quot;}\" data-widget_type=\"heading.default\">\n\t\t\t\t<div class=\"elementor-widget-container\">\n\t\t\t\t\t<h1 class=\"elementor-heading-title elementor-size-default\">Mantra \u00e9s medit\u00e1ci\u00f3<\/h1>\t\t\t\t<\/div>\n\t\t\t\t<\/div>\n\t\t\t\t\t<\/div>\n\t\t\t\t<\/div>\n\t\t\t\t<section class=\"elementor-section elementor-top-section elementor-element elementor-element-5df89dd7 elementor-section-height-min-height elementor-section-boxed elementor-section-height-default elementor-section-items-middle\" data-id=\"5df89dd7\" data-element_type=\"section\" data-e-type=\"section\" data-settings=\"{&quot;background_background&quot;:&quot;classic&quot;}\">\n\t\t\t\t\t\t\t<div class=\"elementor-background-overlay\"><\/div>\n\t\t\t\t\t\t\t<div class=\"elementor-container elementor-column-gap-default\">\n\t\t\t\t\t<div class=\"elementor-column elementor-col-100 elementor-top-column elementor-element elementor-element-3a561b64\" data-id=\"3a561b64\" data-element_type=\"column\" data-e-type=\"column\">\n\t\t\t<div class=\"elementor-widget-wrap elementor-element-populated\">\n\t\t\t\t\t\t<section class=\"elementor-section elementor-inner-section elementor-element elementor-element-1e98f983 elementor-section-boxed elementor-section-height-default elementor-section-height-default\" data-id=\"1e98f983\" data-element_type=\"section\" data-e-type=\"section\">\n\t\t\t\t\t\t<div class=\"elementor-container elementor-column-gap-default\">\n\t\t\t\t\t<div class=\"elementor-column elementor-col-100 elementor-inner-column elementor-element elementor-element-46563761\" data-id=\"46563761\" data-element_type=\"column\" data-e-type=\"column\">\n\t\t\t<div class=\"elementor-widget-wrap elementor-element-populated\">\n\t\t\t\t\t\t<div class=\"elementor-element elementor-element-70a33cc elementor-widget elementor-widget-text-editor\" data-id=\"70a33cc\" data-element_type=\"widget\" data-e-type=\"widget\" data-widget_type=\"text-editor.default\">\n\t\t\t\t<div class=\"elementor-widget-container\">\n\t\t\t\t\t\t\t\t\t<p>Tal\u00e1lkozz a mantr\u00e1k erej\u00e9vel! A tibeti mantragy\u00f3gy\u00e1szat k\u00fcl\u00f6nb\u00f6z\u0151 technik\u00e1inak hat\u00e1s\u00e1t tapasztalhatod meg magadon \u2018csendes pihen\u0151\u2019 form\u00e1j\u00e1ban. A mantr\u00e1kat, a \u201etudat v\u00e9delmez\u0151it\u201d, az \u201eigazs\u00e1g szavait\u201d \u00f6n\u00e1ll\u00f3an \u00e9s m\u00e1s gy\u00f3gym\u00f3dokkal egy\u00fctt is sz\u00e9les k\u00f6rben haszn\u00e1lj\u00e1k az eg\u00e9szs\u00e9g helyre\u00e1ll\u00edt\u00e1s\u00e1ra, a negat\u00edv energi\u00e1k lek\u00fczd\u00e9s\u00e9re, a ter\u00e1pi\u00e1k \u00e9s gy\u00f3gyhat\u00e1s\u00fa anyagok hat\u00e9konys\u00e1g\u00e1nak n\u00f6vel\u00e9s\u00e9re, valamint megel\u0151z\u00e9sre. Tudatos jelenl\u00e9ttel \u00e9s egyszer\u0171 medit\u00e1ci\u00f3val er\u0151s\u00edtheted az \u00e9lm\u00e9nyt.<\/p>\t\t\t\t\t\t\t\t<\/div>\n\t\t\t\t<\/div>\n\t\t\t\t<div class=\"elementor-element elementor-element-3367d3c elementor-align-center elementor-icon-list--layout-traditional elementor-list-item-link-full_width elementor-widget elementor-widget-icon-list\" data-id=\"3367d3c\" data-element_type=\"widget\" data-e-type=\"widget\" data-widget_type=\"icon-list.default\">\n\t\t\t\t<div class=\"elementor-widget-container\">\n\t\t\t\t\t\t\t<ul class=\"elementor-icon-list-items\">\n\t\t\t\t\t\t\t<li class=\"elementor-icon-list-item\">\n\t\t\t\t\t\t\t\t\t\t\t<a href=\"#elementor-action%3Aaction%3Dpopup%3Aopen%26settings%3DeyJpZCI6Ijc1OCIsInRvZ2dsZSI6ZmFsc2V9\">\n\n\t\t\t\t\t\t\t\t\t\t\t\t<span class=\"elementor-icon-list-icon\">\n\t\t\t\t\t\t\t<svg aria-hidden=\"true\" class=\"e-font-icon-svg e-fas-om\" viewBox=\"0 0 512 512\" xmlns=\"http:\/\/www.w3.org\/2000\/svg\"><path d=\"M360.6 60.94a10.43 10.43 0 0 0 14.76 0l21.57-21.56a10.43 10.43 0 0 0 0-14.76L375.35 3.06c-4.08-4.07-10.68-4.07-14.76 0l-21.57 21.56a10.43 10.43 0 0 0 0 14.76l21.58 21.56zM412.11 192c-26.69 0-51.77 10.39-70.64 29.25l-24.25 24.25c-6.78 6.77-15.78 10.5-25.38 10.5H245c10.54-22.1 14.17-48.11 7.73-75.23-10.1-42.55-46.36-76.11-89.52-83.19-36.15-5.93-70.9 5.04-96.01 28.78-7.36 6.96-6.97 18.85 1.12 24.93l26.15 19.63c5.72 4.3 13.66 4.32 19.2-.21 8.45-6.9 19.02-10.71 30.27-10.71 26.47 0 48.01 21.53 48.01 48s-21.54 48-48.01 48h-31.9c-11.96 0-19.74 12.58-14.39 23.28l16.09 32.17c2.53 5.06 7.6 8.1 13.17 8.55h33.03c35.3 0 64.01 28.7 64.01 64s-28.71 64-64.01 64c-96.02 0-122.35-54.02-145.15-92.03-4.53-7.55-14.77-3.58-14.79 5.22C-.09 416 41.13 512 159.94 512c70.59 0 128.02-57.42 128.02-128 0-23.42-6.78-45.1-17.81-64h21.69c26.69 0 51.77-10.39 70.64-29.25l24.25-24.25c6.78-6.77 15.78-10.5 25.38-10.5 19.78 0 35.88 16.09 35.88 35.88V392c0 13.23-18.77 24-32.01 24-39.4 0-66.67-24.24-81.82-42.89-4.77-5.87-14.2-2.54-14.2 5.02V416s0 64 96.02 64c48.54 0 96.02-39.47 96.02-88V291.88c0-55.08-44.8-99.88-99.89-99.88zm42.18-124.73c-85.55 65.12-169.05 2.75-172.58.05-6.02-4.62-14.44-4.38-20.14.55-5.74 4.92-7.27 13.17-3.66 19.8 1.61 2.95 40.37 72.34 118.8 72.34 79.92 0 98.78-31.36 101.75-37.66 1.02-2.12 1.53-4.47 1.53-6.83V80c0-13.22-15.14-20.69-25.7-12.73z\"><\/path><\/svg>\t\t\t\t\t\t<\/span>\n\t\t\t\t\t\t\t\t\t\t<span class=\"elementor-icon-list-text\"><b>Konzulens:<\/b> Zalai Tam\u00e1s<\/span>\n\t\t\t\t\t\t\t\t\t\t\t<\/a>\n\t\t\t\t\t\t\t\t\t<\/li>\n\t\t\t\t\t\t\t\t<li class=\"elementor-icon-list-item\">\n\t\t\t\t\t\t\t\t\t\t\t<span class=\"elementor-icon-list-icon\">\n\t\t\t\t\t\t\t<svg aria-hidden=\"true\" class=\"e-font-icon-svg e-fas-user\" viewBox=\"0 0 448 512\" xmlns=\"http:\/\/www.w3.org\/2000\/svg\"><path d=\"M224 256c70.7 0 128-57.3 128-128S294.7 0 224 0 96 57.3 96 128s57.3 128 128 128zm89.6 32h-16.7c-22.2 10.2-46.9 16-72.9 16s-50.6-5.8-72.9-16h-16.7C60.2 288 0 348.2 0 422.4V464c0 26.5 21.5 48 48 48h352c26.5 0 48-21.5 48-48v-41.6c0-74.2-60.2-134.4-134.4-134.4z\"><\/path><\/svg>\t\t\t\t\t\t<\/span>\n\t\t\t\t\t\t\t\t\t\t<span class=\"elementor-icon-list-text\"><b>Egy\u00e9ni:<\/b> 15.000 Ft (45 perc) <\/span>\n\t\t\t\t\t\t\t\t\t<\/li>\n\t\t\t\t\t\t\t\t<li class=\"elementor-icon-list-item\">\n\t\t\t\t\t\t\t\t\t\t\t<span class=\"elementor-icon-list-icon\">\n\t\t\t\t\t\t\t<svg aria-hidden=\"true\" class=\"e-font-icon-svg e-fas-user-friends\" viewBox=\"0 0 640 512\" xmlns=\"http:\/\/www.w3.org\/2000\/svg\"><path d=\"M192 256c61.9 0 112-50.1 112-112S253.9 32 192 32 80 82.1 80 144s50.1 112 112 112zm76.8 32h-8.3c-20.8 10-43.9 16-68.5 16s-47.6-6-68.5-16h-8.3C51.6 288 0 339.6 0 403.2V432c0 26.5 21.5 48 48 48h288c26.5 0 48-21.5 48-48v-28.8c0-63.6-51.6-115.2-115.2-115.2zM480 256c53 0 96-43 96-96s-43-96-96-96-96 43-96 96 43 96 96 96zm48 32h-3.8c-13.9 4.8-28.6 8-44.2 8s-30.3-3.2-44.2-8H432c-20.4 0-39.2 5.9-55.7 15.4 24.4 26.3 39.7 61.2 39.7 99.8v38.4c0 2.2-.5 4.3-.6 6.4H592c26.5 0 48-21.5 48-48 0-61.9-50.1-112-112-112z\"><\/path><\/svg>\t\t\t\t\t\t<\/span>\n\t\t\t\t\t\t\t\t\t\t<span class=\"elementor-icon-list-text\"><b>Csoportos:<\/b> 5.000 Ft (60 perc)<\/span>\n\t\t\t\t\t\t\t\t\t<\/li>\n\t\t\t\t\t\t<\/ul>\n\t\t\t\t\t\t<\/div>\n\t\t\t\t<\/div>\n\t\t<div class=\"elementor-element elementor-element-88bfc89 e-flex e-con-boxed e-con e-parent\" data-id=\"88bfc89\" data-element_type=\"container\" data-e-type=\"container\">\n\t\t\t\t\t<div class=\"e-con-inner\">\n\t\t<div class=\"elementor-element elementor-element-857c19d e-con-full e-flex e-con e-child\" data-id=\"857c19d\" data-element_type=\"container\" data-e-type=\"container\">\n\t\t\t\t<div class=\"elementor-element elementor-element-b7edc1e elementor-align-justify animated-slow elementor-invisible elementor-widget elementor-widget-button\" data-id=\"b7edc1e\" data-element_type=\"widget\" data-e-type=\"widget\" data-settings=\"{&quot;_animation&quot;:&quot;fadeIn&quot;}\" data-widget_type=\"button.default\">\n\t\t\t\t<div class=\"elementor-widget-container\">\n\t\t\t\t\t\t\t\t\t<div class=\"elementor-button-wrapper\">\n\t\t\t\t\t<a class=\"elementor-button elementor-button-link elementor-size-sm\" href=\"#kapcsolat\">\n\t\t\t\t\t\t<span class=\"elementor-button-content-wrapper\">\n\t\t\t\t\t\t\t\t\t<span class=\"elementor-button-text\">Id\u0151pontfoglal\u00e1s<\/span>\n\t\t\t\t\t<\/span>\n\t\t\t\t\t<\/a>\n\t\t\t\t<\/div>\n\t\t\t\t\t\t\t\t<\/div>\n\t\t\t\t<\/div>\n\t\t\t\t<\/div>\n\t\t<div class=\"elementor-element elementor-element-5c2e055 e-con-full e-flex e-con e-child\" data-id=\"5c2e055\" data-element_type=\"container\" data-e-type=\"container\">\n\t\t\t\t<div class=\"elementor-element elementor-element-9ac2164 elementor-align-justify animated-slow elementor-invisible elementor-widget elementor-widget-button\" data-id=\"9ac2164\" data-element_type=\"widget\" data-e-type=\"widget\" data-settings=\"{&quot;_animation&quot;:&quot;fadeIn&quot;}\" data-widget_type=\"button.default\">\n\t\t\t\t<div class=\"elementor-widget-container\">\n\t\t\t\t\t\t\t\t\t<div class=\"elementor-button-wrapper\">\n\t\t\t\t\t<a class=\"elementor-button elementor-button-link elementor-size-sm\" href=\"https:\/\/amitabhakozpont.hu\/wp-content\/uploads\/2026\/02\/Amitabha-Kozpont-Arlista.png.pdf\" target=\"_blank\">\n\t\t\t\t\t\t<span class=\"elementor-button-content-wrapper\">\n\t\t\t\t\t\t\t\t\t<span class=\"elementor-button-text\">\u00c1rlista<\/span>\n\t\t\t\t\t<\/span>\n\t\t\t\t\t<\/a>\n\t\t\t\t<\/div>\n\t\t\t\t\t\t\t\t<\/div>\n\t\t\t\t<\/div>\n\t\t\t\t<\/div>\n\t\t\t\t\t<\/div>\n\t\t\t\t<\/div>\n\t\t\t\t\t<\/div>\n\t\t<\/div>\n\t\t\t\t\t<\/div>\n\t\t<\/section>\n\t\t\t\t\t<\/div>\n\t\t<\/div>\n\t\t\t\t\t<\/div>\n\t\t<\/section>\n\t\t\t\t<\/div>\n\t\t","protected":false},"excerpt":{"rendered":"<p>Mantra \u00e9s medit\u00e1ci\u00f3 Tal\u00e1lkozz a mantr\u00e1k erej\u00e9vel! A tibeti mantragy\u00f3gy\u00e1szat k\u00fcl\u00f6nb\u00f6z\u0151 technik\u00e1inak hat\u00e1s\u00e1t tapasztalhatod meg magadon \u2018csendes pihen\u0151\u2019 form\u00e1j\u00e1ban. A mantr\u00e1kat, a \u201etudat v\u00e9delmez\u0151it\u201d, az \u201eigazs\u00e1g szavait\u201d \u00f6n\u00e1ll\u00f3an \u00e9s m\u00e1s gy\u00f3gym\u00f3dokkal egy\u00fctt is sz\u00e9les k\u00f6rben haszn\u00e1lj\u00e1k az eg\u00e9szs\u00e9g helyre\u00e1ll\u00edt\u00e1s\u00e1ra, a negat\u00edv energi\u00e1k lek\u00fczd\u00e9s\u00e9re, a ter\u00e1pi\u00e1k \u00e9s gy\u00f3gyhat\u00e1s\u00fa anyagok hat\u00e9konys\u00e1g\u00e1nak n\u00f6vel\u00e9s\u00e9re, valamint megel\u0151z\u00e9sre. Tudatos jelenl\u00e9ttel \u00e9s&hellip;&nbsp;<a href=\"https:\/\/amitabhakozpont.hu\/?page_id=933\" rel=\"bookmark\"><span class=\"screen-reader-text\">Mantra \u00e9s medit\u00e1ci\u00f3<\/span><\/a><\/p>\n","protected":false},"author":1,"featured_media":0,"parent":0,"menu_order":0,"comment_status":"closed","ping_status":"closed","template":"page-templates\/template-pagebuilder-full-width.php","meta":{"neve_meta_sidebar":"","neve_meta_container":"","neve_meta_enable_content_width":"","neve_meta_content_width":0,"neve_meta_title_alignment":"","neve_meta_author_avatar":"","neve_post_elements_order":"","neve_meta_disable_header":"","neve_meta_disable_footer":"","neve_meta_disable_title":"","footnotes":""},"class_list":["post-933","page","type-page","status-publish","hentry"],"_links":{"self":[{"href":"https:\/\/amitabhakozpont.hu\/index.php?rest_route=\/wp\/v2\/pages\/933","targetHints":{"allow":["GET"]}}],"collection":[{"href":"https:\/\/amitabhakozpont.hu\/index.php?rest_route=\/wp\/v2\/pages"}],"about":[{"href":"https:\/\/amitabhakozpont.hu\/index.php?rest_route=\/wp\/v2\/types\/page"}],"author":[{"embeddable":true,"href":"https:\/\/amitabhakozpont.hu\/index.php?rest_route=\/wp\/v2\/users\/1"}],"replies":[{"embeddable":true,"href":"https:\/\/amitabhakozpont.hu\/index.php?rest_route=%2Fwp%2Fv2%2Fcomments&post=933"}],"version-history":[{"count":10,"href":"https:\/\/amitabhakozpont.hu\/index.php?rest_route=\/wp\/v2\/pages\/933\/revisions"}],"predecessor-version":[{"id":1386,"href":"https:\/\/amitabhakozpont.hu\/index.php?rest_route=\/wp\/v2\/pages\/933\/revisions\/1386"}],"wp:attachment":[{"href":"https:\/\/amitabhakozpont.hu\/index.php?rest_route=%2Fwp%2Fv2%2Fmedia&parent=933"}],"curies":[{"name":"wp","href":"https:\/\/api.w.org\/{rel}","templated":true}]}}