{"id":912,"date":"2025-11-24T20:07:33","date_gmt":"2025-11-24T20:07:33","guid":{"rendered":"https:\/\/amitabhakozpont.hu\/?page_id=912"},"modified":"2026-02-24T14:29:04","modified_gmt":"2026-02-24T14:29:04","slug":"kapcsolatdinamikai-felterkepezes","status":"publish","type":"page","link":"https:\/\/amitabhakozpont.hu\/?page_id=912","title":{"rendered":"Kapcsolatdinamikai felt\u00e9rk\u00e9pez\u00e9s"},"content":{"rendered":"\t\t<div data-elementor-type=\"wp-page\" data-elementor-id=\"912\" class=\"elementor elementor-912\" data-elementor-post-type=\"page\">\n\t\t\t\t<div class=\"elementor-element elementor-element-95caa69 e-flex e-con-boxed e-con e-parent\" data-id=\"95caa69\" data-element_type=\"container\" data-e-type=\"container\" data-settings=\"{&quot;background_background&quot;:&quot;classic&quot;}\">\n\t\t\t\t\t<div class=\"e-con-inner\">\n\t\t\t\t<div class=\"elementor-element elementor-element-567e183 elementor-invisible elementor-widget elementor-widget-heading\" data-id=\"567e183\" data-element_type=\"widget\" data-e-type=\"widget\" data-settings=\"{&quot;_animation&quot;:&quot;fadeIn&quot;}\" data-widget_type=\"heading.default\">\n\t\t\t\t<div class=\"elementor-widget-container\">\n\t\t\t\t\t<h1 class=\"elementor-heading-title elementor-size-default\">Kapcsolatdinamikai felt\u00e9rk\u00e9pez\u00e9s<\/h1>\t\t\t\t<\/div>\n\t\t\t\t<\/div>\n\t\t\t\t\t<\/div>\n\t\t\t\t<\/div>\n\t\t\t\t<section class=\"elementor-section elementor-top-section elementor-element elementor-element-5df89dd7 elementor-section-height-min-height elementor-section-boxed elementor-section-height-default elementor-section-items-middle\" data-id=\"5df89dd7\" data-element_type=\"section\" data-e-type=\"section\" data-settings=\"{&quot;background_background&quot;:&quot;classic&quot;}\">\n\t\t\t\t\t\t\t<div class=\"elementor-background-overlay\"><\/div>\n\t\t\t\t\t\t\t<div class=\"elementor-container elementor-column-gap-default\">\n\t\t\t\t\t<div class=\"elementor-column elementor-col-100 elementor-top-column elementor-element elementor-element-3a561b64\" data-id=\"3a561b64\" data-element_type=\"column\" data-e-type=\"column\">\n\t\t\t<div class=\"elementor-widget-wrap elementor-element-populated\">\n\t\t\t\t\t\t<section class=\"elementor-section elementor-inner-section elementor-element elementor-element-1e98f983 elementor-section-boxed elementor-section-height-default elementor-section-height-default\" data-id=\"1e98f983\" data-element_type=\"section\" data-e-type=\"section\">\n\t\t\t\t\t\t<div class=\"elementor-container elementor-column-gap-default\">\n\t\t\t\t\t<div class=\"elementor-column elementor-col-100 elementor-inner-column elementor-element elementor-element-46563761\" data-id=\"46563761\" data-element_type=\"column\" data-e-type=\"column\">\n\t\t\t<div class=\"elementor-widget-wrap elementor-element-populated\">\n\t\t\t\t\t\t<div class=\"elementor-element elementor-element-a8fe5f9 elementor-invisible elementor-widget elementor-widget-heading\" data-id=\"a8fe5f9\" data-element_type=\"widget\" data-e-type=\"widget\" data-settings=\"{&quot;_animation&quot;:&quot;fadeIn&quot;}\" data-widget_type=\"heading.default\">\n\t\t\t\t<div class=\"elementor-widget-container\">\n\t\t\t\t\t<h1 class=\"elementor-heading-title elementor-size-default\">n\u00e9zz r\u00e1 m\u00e1s szemsz\u00f6gb\u0151l<br>a kih\u00edv\u00e1sodra!\n<\/h1>\t\t\t\t<\/div>\n\t\t\t\t<\/div>\n\t\t\t\t<div class=\"elementor-element elementor-element-70a33cc elementor-widget elementor-widget-text-editor\" data-id=\"70a33cc\" data-element_type=\"widget\" data-e-type=\"widget\" data-widget_type=\"text-editor.default\">\n\t\t\t\t<div class=\"elementor-widget-container\">\n\t\t\t\t\t\t\t\t\t<p>A konzult\u00e1ci\u00f3 sor\u00e1n k\u00fcl\u00f6nb\u00f6z\u0151 apr\u00f3 t\u00e1rgyakkal jelen\u00edtj\u00fck meg a hozott t\u00e9mak\u00f6r\u00f6d szerepl\u0151it, elhelyezve \u0151ket abba a t\u00e1vols\u00e1gba \u00e9s viszonyba, ahol most \u00e9ppen vannak. Ezek a szerepl\u0151k nem csak emberek, hanem a probl\u00e9mak\u00f6rh\u00f6z tartoz\u00f3 m\u00e1s, fontos fogalmak is lehetnek. A jelen helyzetre \u00edgy mad\u00e1rt\u00e1vlatb\u00f3l tudunk r\u00e1tekinteni. A konkl\u00fazi\u00f3k levon\u00e1sa ut\u00e1n \u00e1talak\u00edtjuk a viszonyrendszert: megjelen\u00edtj\u00fck a v\u00e1gyott k\u00e9pet, ez t\u00f6rt\u00e9nhet \u00faj elemek bevon\u00e1s\u00e1val \u00e9s a r\u00e9giek elhagy\u00e1s\u00e1val is. V\u00e9g\u00fcl \u00f6sszegezz\u00fck, mit \u00fczen ez az \u00faj fel\u00e1ll\u00e1s.<\/p>\t\t\t\t\t\t\t\t<\/div>\n\t\t\t\t<\/div>\n\t\t\t\t<div class=\"elementor-element elementor-element-3367d3c elementor-align-center elementor-icon-list--layout-traditional elementor-list-item-link-full_width elementor-widget elementor-widget-icon-list\" data-id=\"3367d3c\" data-element_type=\"widget\" data-e-type=\"widget\" data-widget_type=\"icon-list.default\">\n\t\t\t\t<div class=\"elementor-widget-container\">\n\t\t\t\t\t\t\t<ul class=\"elementor-icon-list-items\">\n\t\t\t\t\t\t\t<li class=\"elementor-icon-list-item\">\n\t\t\t\t\t\t\t\t\t\t\t<span class=\"elementor-icon-list-icon\">\n\t\t\t\t\t\t\t<svg aria-hidden=\"true\" class=\"e-font-icon-svg e-fas-dollar-sign\" viewBox=\"0 0 288 512\" xmlns=\"http:\/\/www.w3.org\/2000\/svg\"><path d=\"M209.2 233.4l-108-31.6C88.7 198.2 80 186.5 80 173.5c0-16.3 13.2-29.5 29.5-29.5h66.3c12.2 0 24.2 3.7 34.2 10.5 6.1 4.1 14.3 3.1 19.5-2l34.8-34c7.1-6.9 6.1-18.4-1.8-24.5C238 74.8 207.4 64.1 176 64V16c0-8.8-7.2-16-16-16h-32c-8.8 0-16 7.2-16 16v48h-2.5C45.8 64-5.4 118.7.5 183.6c4.2 46.1 39.4 83.6 83.8 96.6l102.5 30c12.5 3.7 21.2 15.3 21.2 28.3 0 16.3-13.2 29.5-29.5 29.5h-66.3C100 368 88 364.3 78 357.5c-6.1-4.1-14.3-3.1-19.5 2l-34.8 34c-7.1 6.9-6.1 18.4 1.8 24.5 24.5 19.2 55.1 29.9 86.5 30v48c0 8.8 7.2 16 16 16h32c8.8 0 16-7.2 16-16v-48.2c46.6-.9 90.3-28.6 105.7-72.7 21.5-61.6-14.6-124.8-72.5-141.7z\"><\/path><\/svg>\t\t\t\t\t\t<\/span>\n\t\t\t\t\t\t\t\t\t\t<span class=\"elementor-icon-list-text\"><b>\u00c1r:<\/b> 15.000 Ft<\/span>\n\t\t\t\t\t\t\t\t\t<\/li>\n\t\t\t\t\t\t\t\t<li class=\"elementor-icon-list-item\">\n\t\t\t\t\t\t\t\t\t\t\t<span class=\"elementor-icon-list-icon\">\n\t\t\t\t\t\t\t<svg aria-hidden=\"true\" class=\"e-font-icon-svg e-far-clock\" viewBox=\"0 0 512 512\" xmlns=\"http:\/\/www.w3.org\/2000\/svg\"><path d=\"M256 8C119 8 8 119 8 256s111 248 248 248 248-111 248-248S393 8 256 8zm0 448c-110.5 0-200-89.5-200-200S145.5 56 256 56s200 89.5 200 200-89.5 200-200 200zm61.8-104.4l-84.9-61.7c-3.1-2.3-4.9-5.9-4.9-9.7V116c0-6.6 5.4-12 12-12h32c6.6 0 12 5.4 12 12v141.7l66.8 48.6c5.4 3.9 6.5 11.4 2.6 16.8L334.6 349c-3.9 5.3-11.4 6.5-16.8 2.6z\"><\/path><\/svg>\t\t\t\t\t\t<\/span>\n\t\t\t\t\t\t\t\t\t\t<span class=\"elementor-icon-list-text\"><b>Id\u0151tartam:<\/b> 45 perc<\/span>\n\t\t\t\t\t\t\t\t\t<\/li>\n\t\t\t\t\t\t<\/ul>\n\t\t\t\t\t\t<\/div>\n\t\t\t\t<\/div>\n\t\t<div class=\"elementor-element elementor-element-88bfc89 e-flex e-con-boxed e-con e-parent\" data-id=\"88bfc89\" data-element_type=\"container\" data-e-type=\"container\">\n\t\t\t\t\t<div class=\"e-con-inner\">\n\t\t<div class=\"elementor-element elementor-element-857c19d e-con-full e-flex e-con e-child\" data-id=\"857c19d\" data-element_type=\"container\" data-e-type=\"container\">\n\t\t\t\t<div class=\"elementor-element elementor-element-b7edc1e elementor-align-justify animated-slow elementor-invisible elementor-widget elementor-widget-button\" data-id=\"b7edc1e\" data-element_type=\"widget\" data-e-type=\"widget\" data-settings=\"{&quot;_animation&quot;:&quot;fadeIn&quot;}\" data-widget_type=\"button.default\">\n\t\t\t\t<div class=\"elementor-widget-container\">\n\t\t\t\t\t\t\t\t\t<div class=\"elementor-button-wrapper\">\n\t\t\t\t\t<a class=\"elementor-button elementor-button-link elementor-size-sm\" href=\"#kapcsolat\">\n\t\t\t\t\t\t<span class=\"elementor-button-content-wrapper\">\n\t\t\t\t\t\t\t\t\t<span class=\"elementor-button-text\">Id\u0151pontfoglal\u00e1s<\/span>\n\t\t\t\t\t<\/span>\n\t\t\t\t\t<\/a>\n\t\t\t\t<\/div>\n\t\t\t\t\t\t\t\t<\/div>\n\t\t\t\t<\/div>\n\t\t\t\t<\/div>\n\t\t<div class=\"elementor-element elementor-element-5c2e055 e-con-full e-flex e-con e-child\" data-id=\"5c2e055\" data-element_type=\"container\" data-e-type=\"container\">\n\t\t\t\t<div class=\"elementor-element elementor-element-9ac2164 elementor-align-justify animated-slow elementor-invisible elementor-widget elementor-widget-button\" data-id=\"9ac2164\" data-element_type=\"widget\" data-e-type=\"widget\" data-settings=\"{&quot;_animation&quot;:&quot;fadeIn&quot;}\" data-widget_type=\"button.default\">\n\t\t\t\t<div class=\"elementor-widget-container\">\n\t\t\t\t\t\t\t\t\t<div class=\"elementor-button-wrapper\">\n\t\t\t\t\t<a class=\"elementor-button elementor-button-link elementor-size-sm\" href=\"https:\/\/amitabhakozpont.hu\/wp-content\/uploads\/2026\/02\/Amitabha-Kozpont-Arlista.png.pdf\" target=\"_blank\">\n\t\t\t\t\t\t<span class=\"elementor-button-content-wrapper\">\n\t\t\t\t\t\t\t\t\t<span class=\"elementor-button-text\">\u00c1rlista<\/span>\n\t\t\t\t\t<\/span>\n\t\t\t\t\t<\/a>\n\t\t\t\t<\/div>\n\t\t\t\t\t\t\t\t<\/div>\n\t\t\t\t<\/div>\n\t\t\t\t<\/div>\n\t\t\t\t\t<\/div>\n\t\t\t\t<\/div>\n\t\t\t\t\t<\/div>\n\t\t<\/div>\n\t\t\t\t\t<\/div>\n\t\t<\/section>\n\t\t\t\t\t<\/div>\n\t\t<\/div>\n\t\t\t\t\t<\/div>\n\t\t<\/section>\n\t\t\t\t<\/div>\n\t\t","protected":false},"excerpt":{"rendered":"<p>Kapcsolatdinamikai felt\u00e9rk\u00e9pez\u00e9s n\u00e9zz r\u00e1 m\u00e1s szemsz\u00f6gb\u0151la kih\u00edv\u00e1sodra! A konzult\u00e1ci\u00f3 sor\u00e1n k\u00fcl\u00f6nb\u00f6z\u0151 apr\u00f3 t\u00e1rgyakkal jelen\u00edtj\u00fck meg a hozott t\u00e9mak\u00f6r\u00f6d szerepl\u0151it, elhelyezve \u0151ket abba a t\u00e1vols\u00e1gba \u00e9s viszonyba, ahol most \u00e9ppen vannak. Ezek a szerepl\u0151k nem csak emberek, hanem a probl\u00e9mak\u00f6rh\u00f6z tartoz\u00f3 m\u00e1s, fontos fogalmak is lehetnek. A jelen helyzetre \u00edgy mad\u00e1rt\u00e1vlatb\u00f3l tudunk r\u00e1tekinteni. A konkl\u00fazi\u00f3k levon\u00e1sa&hellip;&nbsp;<a href=\"https:\/\/amitabhakozpont.hu\/?page_id=912\" rel=\"bookmark\"><span class=\"screen-reader-text\">Kapcsolatdinamikai felt\u00e9rk\u00e9pez\u00e9s<\/span><\/a><\/p>\n","protected":false},"author":1,"featured_media":0,"parent":0,"menu_order":0,"comment_status":"closed","ping_status":"closed","template":"page-templates\/template-pagebuilder-full-width.php","meta":{"neve_meta_sidebar":"","neve_meta_container":"","neve_meta_enable_content_width":"","neve_meta_content_width":0,"neve_meta_title_alignment":"","neve_meta_author_avatar":"","neve_post_elements_order":"","neve_meta_disable_header":"","neve_meta_disable_footer":"","neve_meta_disable_title":"","footnotes":""},"class_list":["post-912","page","type-page","status-publish","hentry"],"_links":{"self":[{"href":"https:\/\/amitabhakozpont.hu\/index.php?rest_route=\/wp\/v2\/pages\/912","targetHints":{"allow":["GET"]}}],"collection":[{"href":"https:\/\/amitabhakozpont.hu\/index.php?rest_route=\/wp\/v2\/pages"}],"about":[{"href":"https:\/\/amitabhakozpont.hu\/index.php?rest_route=\/wp\/v2\/types\/page"}],"author":[{"embeddable":true,"href":"https:\/\/amitabhakozpont.hu\/index.php?rest_route=\/wp\/v2\/users\/1"}],"replies":[{"embeddable":true,"href":"https:\/\/amitabhakozpont.hu\/index.php?rest_route=%2Fwp%2Fv2%2Fcomments&post=912"}],"version-history":[{"count":13,"href":"https:\/\/amitabhakozpont.hu\/index.php?rest_route=\/wp\/v2\/pages\/912\/revisions"}],"predecessor-version":[{"id":1377,"href":"https:\/\/amitabhakozpont.hu\/index.php?rest_route=\/wp\/v2\/pages\/912\/revisions\/1377"}],"wp:attachment":[{"href":"https:\/\/amitabhakozpont.hu\/index.php?rest_route=%2Fwp%2Fv2%2Fmedia&parent=912"}],"curies":[{"name":"wp","href":"https:\/\/api.w.org\/{rel}","templated":true}]}}